{"id":247,"date":"2017-04-03T16:30:43","date_gmt":"2017-04-03T14:30:43","guid":{"rendered":"http:\/\/foto-guebert.de\/blog\/?page_id=247"},"modified":"2026-01-22T11:45:51","modified_gmt":"2026-01-22T10:45:51","slug":"links-2","status":"publish","type":"page","link":"https:\/\/foto-guebert.de\/blog\/links-2\/","title":{"rendered":"AKTION"},"content":{"rendered":"\t\t<div data-elementor-type=\"wp-page\" data-elementor-id=\"247\" class=\"elementor elementor-247\" data-elementor-settings=\"{&quot;element_pack_global_tooltip_width&quot;:{&quot;unit&quot;:&quot;px&quot;,&quot;size&quot;:&quot;&quot;,&quot;sizes&quot;:[]},&quot;element_pack_global_tooltip_width_tablet&quot;:{&quot;unit&quot;:&quot;px&quot;,&quot;size&quot;:&quot;&quot;,&quot;sizes&quot;:[]},&quot;element_pack_global_tooltip_width_mobile&quot;:{&quot;unit&quot;:&quot;px&quot;,&quot;size&quot;:&quot;&quot;,&quot;sizes&quot;:[]},&quot;element_pack_global_tooltip_padding&quot;:{&quot;unit&quot;:&quot;px&quot;,&quot;top&quot;:&quot;&quot;,&quot;right&quot;:&quot;&quot;,&quot;bottom&quot;:&quot;&quot;,&quot;left&quot;:&quot;&quot;,&quot;isLinked&quot;:true},&quot;element_pack_global_tooltip_padding_tablet&quot;:{&quot;unit&quot;:&quot;px&quot;,&quot;top&quot;:&quot;&quot;,&quot;right&quot;:&quot;&quot;,&quot;bottom&quot;:&quot;&quot;,&quot;left&quot;:&quot;&quot;,&quot;isLinked&quot;:true},&quot;element_pack_global_tooltip_padding_mobile&quot;:{&quot;unit&quot;:&quot;px&quot;,&quot;top&quot;:&quot;&quot;,&quot;right&quot;:&quot;&quot;,&quot;bottom&quot;:&quot;&quot;,&quot;left&quot;:&quot;&quot;,&quot;isLinked&quot;:true},&quot;element_pack_global_tooltip_border_radius&quot;:{&quot;unit&quot;:&quot;px&quot;,&quot;top&quot;:&quot;&quot;,&quot;right&quot;:&quot;&quot;,&quot;bottom&quot;:&quot;&quot;,&quot;left&quot;:&quot;&quot;,&quot;isLinked&quot;:true},&quot;element_pack_global_tooltip_border_radius_tablet&quot;:{&quot;unit&quot;:&quot;px&quot;,&quot;top&quot;:&quot;&quot;,&quot;right&quot;:&quot;&quot;,&quot;bottom&quot;:&quot;&quot;,&quot;left&quot;:&quot;&quot;,&quot;isLinked&quot;:true},&quot;element_pack_global_tooltip_border_radius_mobile&quot;:{&quot;unit&quot;:&quot;px&quot;,&quot;top&quot;:&quot;&quot;,&quot;right&quot;:&quot;&quot;,&quot;bottom&quot;:&quot;&quot;,&quot;left&quot;:&quot;&quot;,&quot;isLinked&quot;:true}}\" data-elementor-post-type=\"page\">\n\t\t\t\t<div class=\"elementor-element elementor-element-5fda322b e-con-full e-flex e-con e-parent\" data-id=\"5fda322b\" data-element_type=\"container\">\n\t\t\t\t<div class=\"elementor-element elementor-element-65f33c3 elementor-widget elementor-widget-heading\" data-id=\"65f33c3\" data-element_type=\"widget\" data-widget_type=\"heading.default\">\n\t\t\t\t<div class=\"elementor-widget-container\">\n\t\t\t\t\t<h2 class=\"elementor-heading-title elementor-size-default\">AKTION <\/h2>\t\t\t\t<\/div>\n\t\t\t\t<\/div>\n\t\t\t\t<\/div>\n\t\t<div class=\"elementor-element elementor-element-9962edd e-flex e-con-boxed e-con e-parent\" data-id=\"9962edd\" data-element_type=\"container\">\n\t\t\t\t\t<div class=\"e-con-inner\">\n\t\t\t\t<div class=\"elementor-element elementor-element-2d6ab8a elementor-widget elementor-widget-image\" data-id=\"2d6ab8a\" data-element_type=\"widget\" data-widget_type=\"image.default\">\n\t\t\t\t<div class=\"elementor-widget-container\">\n\t\t\t\t\t\t\t\t\t\t\t\t\t\t\t<img fetchpriority=\"high\" decoding=\"async\" width=\"1024\" height=\"687\" src=\"https:\/\/foto-guebert.de\/blog\/wp-content\/uploads\/2026\/01\/Aktion_Fotobuecher_Infoprint-1024x687.jpg\" class=\"attachment-large size-large wp-image-1371\" alt=\"\" srcset=\"https:\/\/foto-guebert.de\/blog\/wp-content\/uploads\/2026\/01\/Aktion_Fotobuecher_Infoprint-1024x687.jpg 1024w, https:\/\/foto-guebert.de\/blog\/wp-content\/uploads\/2026\/01\/Aktion_Fotobuecher_Infoprint-300x201.jpg 300w, https:\/\/foto-guebert.de\/blog\/wp-content\/uploads\/2026\/01\/Aktion_Fotobuecher_Infoprint-768x516.jpg 768w, https:\/\/foto-guebert.de\/blog\/wp-content\/uploads\/2026\/01\/Aktion_Fotobuecher_Infoprint-1536x1031.jpg 1536w, https:\/\/foto-guebert.de\/blog\/wp-content\/uploads\/2026\/01\/Aktion_Fotobuecher_Infoprint.jpg 1795w\" sizes=\"(max-width: 1024px) 100vw, 1024px\" \/>\t\t\t\t\t\t\t\t\t\t\t\t\t\t\t<\/div>\n\t\t\t\t<\/div>\n\t\t\t\t\t<\/div>\n\t\t\t\t<\/div>\n\t\t\t\t<\/div>\n\t\t","protected":false},"excerpt":{"rendered":"<p>AKTION<\/p>\n","protected":false},"author":1,"featured_media":0,"parent":0,"menu_order":0,"comment_status":"closed","ping_status":"closed","template":"elementor_header_footer","meta":{"footnotes":""},"class_list":["post-247","page","type-page","status-publish","hentry"],"blocksy_meta":[],"yoast_head":"<!-- This site is optimized with the Yoast SEO plugin v27.0 - https:\/\/yoast.com\/product\/yoast-seo-wordpress\/ -->\n<title>AKTION - Foto G\u00fcbert<\/title>\n<meta name=\"robots\" content=\"index, follow, max-snippet:-1, max-image-preview:large, max-video-preview:-1\" \/>\n<link rel=\"canonical\" href=\"https:\/\/foto-guebert.de\/blog\/links-2\/\" \/>\n<meta property=\"og:locale\" content=\"de_DE\" \/>\n<meta property=\"og:type\" content=\"article\" \/>\n<meta property=\"og:title\" content=\"AKTION - Foto G\u00fcbert\" \/>\n<meta property=\"og:description\" content=\"AKTION\" \/>\n<meta property=\"og:url\" content=\"https:\/\/foto-guebert.de\/blog\/links-2\/\" \/>\n<meta property=\"og:site_name\" content=\"Foto G\u00fcbert\" \/>\n<meta property=\"article:modified_time\" content=\"2026-01-22T10:45:51+00:00\" \/>\n<meta property=\"og:image\" content=\"https:\/\/foto-guebert.de\/blog\/wp-content\/uploads\/2026\/01\/Aktion_Fotobuecher_Infoprint-1024x687.jpg\" \/>\n<meta name=\"twitter:card\" content=\"summary_large_image\" \/>\n<meta name=\"twitter:label1\" content=\"Gesch\u00e4tzte Lesezeit\" \/>\n\t<meta name=\"twitter:data1\" content=\"1\u00a0Minute\" \/>\n<script type=\"application\/ld+json\" class=\"yoast-schema-graph\">{\"@context\":\"https:\/\/schema.org\",\"@graph\":[{\"@type\":\"WebPage\",\"@id\":\"https:\/\/foto-guebert.de\/blog\/links-2\/\",\"url\":\"https:\/\/foto-guebert.de\/blog\/links-2\/\",\"name\":\"AKTION - Foto G\u00fcbert\",\"isPartOf\":{\"@id\":\"https:\/\/foto-guebert.de\/blog\/#website\"},\"primaryImageOfPage\":{\"@id\":\"https:\/\/foto-guebert.de\/blog\/links-2\/#primaryimage\"},\"image\":{\"@id\":\"https:\/\/foto-guebert.de\/blog\/links-2\/#primaryimage\"},\"thumbnailUrl\":\"https:\/\/foto-guebert.de\/blog\/wp-content\/uploads\/2026\/01\/Aktion_Fotobuecher_Infoprint-1024x687.jpg\",\"datePublished\":\"2017-04-03T14:30:43+00:00\",\"dateModified\":\"2026-01-22T10:45:51+00:00\",\"breadcrumb\":{\"@id\":\"https:\/\/foto-guebert.de\/blog\/links-2\/#breadcrumb\"},\"inLanguage\":\"de\",\"potentialAction\":[{\"@type\":\"ReadAction\",\"target\":[\"https:\/\/foto-guebert.de\/blog\/links-2\/\"]}]},{\"@type\":\"ImageObject\",\"inLanguage\":\"de\",\"@id\":\"https:\/\/foto-guebert.de\/blog\/links-2\/#primaryimage\",\"url\":\"https:\/\/foto-guebert.de\/blog\/wp-content\/uploads\/2026\/01\/Aktion_Fotobuecher_Infoprint.jpg\",\"contentUrl\":\"https:\/\/foto-guebert.de\/blog\/wp-content\/uploads\/2026\/01\/Aktion_Fotobuecher_Infoprint.jpg\",\"width\":1795,\"height\":1205},{\"@type\":\"BreadcrumbList\",\"@id\":\"https:\/\/foto-guebert.de\/blog\/links-2\/#breadcrumb\",\"itemListElement\":[{\"@type\":\"ListItem\",\"position\":1,\"name\":\"Startseite\",\"item\":\"https:\/\/foto-guebert.de\/blog\/\"},{\"@type\":\"ListItem\",\"position\":2,\"name\":\"AKTION\"}]},{\"@type\":\"WebSite\",\"@id\":\"https:\/\/foto-guebert.de\/blog\/#website\",\"url\":\"https:\/\/foto-guebert.de\/blog\/\",\"name\":\"Foto G\u00fcbert\",\"description\":\"R\u00fcsselsheim Tel. 06142 81122  Bitte beachten: Unsere \u00d6ffnungszeiten bitte Telefonisch erfragen!\",\"potentialAction\":[{\"@type\":\"SearchAction\",\"target\":{\"@type\":\"EntryPoint\",\"urlTemplate\":\"https:\/\/foto-guebert.de\/blog\/?s={search_term_string}\"},\"query-input\":{\"@type\":\"PropertyValueSpecification\",\"valueRequired\":true,\"valueName\":\"search_term_string\"}}],\"inLanguage\":\"de\"}]}<\/script>\n<!-- \/ Yoast SEO plugin. -->","yoast_head_json":{"title":"AKTION - Foto G\u00fcbert","robots":{"index":"index","follow":"follow","max-snippet":"max-snippet:-1","max-image-preview":"max-image-preview:large","max-video-preview":"max-video-preview:-1"},"canonical":"https:\/\/foto-guebert.de\/blog\/links-2\/","og_locale":"de_DE","og_type":"article","og_title":"AKTION - Foto G\u00fcbert","og_description":"AKTION","og_url":"https:\/\/foto-guebert.de\/blog\/links-2\/","og_site_name":"Foto G\u00fcbert","article_modified_time":"2026-01-22T10:45:51+00:00","og_image":[{"url":"https:\/\/foto-guebert.de\/blog\/wp-content\/uploads\/2026\/01\/Aktion_Fotobuecher_Infoprint-1024x687.jpg","type":"","width":"","height":""}],"twitter_card":"summary_large_image","twitter_misc":{"Gesch\u00e4tzte Lesezeit":"1\u00a0Minute"},"schema":{"@context":"https:\/\/schema.org","@graph":[{"@type":"WebPage","@id":"https:\/\/foto-guebert.de\/blog\/links-2\/","url":"https:\/\/foto-guebert.de\/blog\/links-2\/","name":"AKTION - Foto G\u00fcbert","isPartOf":{"@id":"https:\/\/foto-guebert.de\/blog\/#website"},"primaryImageOfPage":{"@id":"https:\/\/foto-guebert.de\/blog\/links-2\/#primaryimage"},"image":{"@id":"https:\/\/foto-guebert.de\/blog\/links-2\/#primaryimage"},"thumbnailUrl":"https:\/\/foto-guebert.de\/blog\/wp-content\/uploads\/2026\/01\/Aktion_Fotobuecher_Infoprint-1024x687.jpg","datePublished":"2017-04-03T14:30:43+00:00","dateModified":"2026-01-22T10:45:51+00:00","breadcrumb":{"@id":"https:\/\/foto-guebert.de\/blog\/links-2\/#breadcrumb"},"inLanguage":"de","potentialAction":[{"@type":"ReadAction","target":["https:\/\/foto-guebert.de\/blog\/links-2\/"]}]},{"@type":"ImageObject","inLanguage":"de","@id":"https:\/\/foto-guebert.de\/blog\/links-2\/#primaryimage","url":"https:\/\/foto-guebert.de\/blog\/wp-content\/uploads\/2026\/01\/Aktion_Fotobuecher_Infoprint.jpg","contentUrl":"https:\/\/foto-guebert.de\/blog\/wp-content\/uploads\/2026\/01\/Aktion_Fotobuecher_Infoprint.jpg","width":1795,"height":1205},{"@type":"BreadcrumbList","@id":"https:\/\/foto-guebert.de\/blog\/links-2\/#breadcrumb","itemListElement":[{"@type":"ListItem","position":1,"name":"Startseite","item":"https:\/\/foto-guebert.de\/blog\/"},{"@type":"ListItem","position":2,"name":"AKTION"}]},{"@type":"WebSite","@id":"https:\/\/foto-guebert.de\/blog\/#website","url":"https:\/\/foto-guebert.de\/blog\/","name":"Foto G\u00fcbert","description":"R\u00fcsselsheim Tel. 06142 81122  Bitte beachten: Unsere \u00d6ffnungszeiten bitte Telefonisch erfragen!","potentialAction":[{"@type":"SearchAction","target":{"@type":"EntryPoint","urlTemplate":"https:\/\/foto-guebert.de\/blog\/?s={search_term_string}"},"query-input":{"@type":"PropertyValueSpecification","valueRequired":true,"valueName":"search_term_string"}}],"inLanguage":"de"}]}},"_links":{"self":[{"href":"https:\/\/foto-guebert.de\/blog\/wp-json\/wp\/v2\/pages\/247","targetHints":{"allow":["GET"]}}],"collection":[{"href":"https:\/\/foto-guebert.de\/blog\/wp-json\/wp\/v2\/pages"}],"about":[{"href":"https:\/\/foto-guebert.de\/blog\/wp-json\/wp\/v2\/types\/page"}],"author":[{"embeddable":true,"href":"https:\/\/foto-guebert.de\/blog\/wp-json\/wp\/v2\/users\/1"}],"replies":[{"embeddable":true,"href":"https:\/\/foto-guebert.de\/blog\/wp-json\/wp\/v2\/comments?post=247"}],"version-history":[{"count":11,"href":"https:\/\/foto-guebert.de\/blog\/wp-json\/wp\/v2\/pages\/247\/revisions"}],"predecessor-version":[{"id":1375,"href":"https:\/\/foto-guebert.de\/blog\/wp-json\/wp\/v2\/pages\/247\/revisions\/1375"}],"wp:attachment":[{"href":"https:\/\/foto-guebert.de\/blog\/wp-json\/wp\/v2\/media?parent=247"}],"curies":[{"name":"wp","href":"https:\/\/api.w.org\/{rel}","templated":true}]}}