{"id":56,"date":"2017-04-03T14:05:26","date_gmt":"2017-04-03T12:05:26","guid":{"rendered":"http:\/\/foto-guebert.de\/blog\/?page_id=56"},"modified":"2024-10-17T13:51:14","modified_gmt":"2024-10-17T11:51:14","slug":"leistungen","status":"publish","type":"page","link":"https:\/\/foto-guebert.de\/blog\/leistungen\/","title":{"rendered":"Leistungen"},"content":{"rendered":"<ul class=\"bullet_arrow4\">\n<li>Pass- und Bewerbungsaufnahmen<\/li>\n<li>Kommunion- und Konfirmationsaufnahmen<\/li>\n<li>Analogen und digitalen Bilderservice , sofort zum Mitnehmen<\/li>\n<li>Bildbearbeitung<\/li>\n<li>Scan vom Negativ und Dia<\/li>\n<li>\u201cZubeh\u00f6r\u201d rund um das Bild<\/li>\n<li>Datenrettung<\/li>\n<li>Beratung und Verkauf von Kameras &amp; Zubeh\u00f6r<\/li>\n<\/ul>\n<p>&nbsp;<\/p>\n<p style=\"padding-left: 60px;\"><img decoding=\"async\" class=\"size-medium wp-image-57 alignleft\" src=\"https:\/\/foto-guebert.de\/blog\/wp-content\/uploads\/2017\/04\/ringfotopicture-service-300x158.jpg\" alt=\"\" width=\"300\" height=\"158\" srcset=\"https:\/\/foto-guebert.de\/blog\/wp-content\/uploads\/2017\/04\/ringfotopicture-service-300x158.jpg 300w, https:\/\/foto-guebert.de\/blog\/wp-content\/uploads\/2017\/04\/ringfotopicture-service.jpg 550w\" sizes=\"(max-width: 300px) 100vw, 300px\" \/><\/p>\n<p style=\"padding-left: 60px;\">Sie k\u00f6nnen aber auch bequem von zu Hause aus bestellen.<\/p>\n<p style=\"padding-left: 60px;\">Mit unseren Gesch\u00e4ftspartnern <strong>i-port.de &amp; Ringfoto<\/strong> stehen Ihnen viele neue<\/p>\n<p style=\"padding-left: 60px;\">Geschenkartikel zur Verf\u00fcgung.<\/p>\n<p style=\"padding-left: 60px;\">Geben Sie bei Ihrer Bestellung &#8222;Foto-G\u00fcbert&#8220; zum Abholen Ihrer Ware an.<\/p>\n<p style=\"padding-left: 60px;\">Sie erhalten dann eine Bestell-Best\u00e4tigung per E-Mail. Nach 3-4 Tagen k\u00f6nnen Sie<\/p>\n<p style=\"padding-left: 60px;\">Ihre bestellte Ware bei uns im Gesch\u00e4ft abholen und bezahlen.<\/p>\n<p>\u00a0\u00a0\u00a0\u00a0\u00a0\u00a0\u00a0\u00a0\u00a0\u00a0\u00a0\u00a0\u00a0\u00a0 <img decoding=\"async\" class=\"alignleft size-full wp-image-391\" src=\"https:\/\/foto-guebert.de\/blog\/wp-content\/uploads\/2018\/05\/iport-logo-klein.png\" alt=\"\" width=\"160\" height=\"67\" \/><\/p>\n<p>Hier k\u00f6nnen Sie Ihre Fotos Bestellen :Link\u00a0 <a href=\"https:\/\/www.i-port.de\/merchant\/cmp?m_id=Foto-G\u00fcbert&amp;v_id=G15006\" target=\"_blank\" rel=\"noopener\">I-Port.de Foto G\u00fcbert<\/a><\/p>\n<p>&nbsp;<\/p>\n<p>&nbsp;<\/p>\n<p style=\"padding-left: 60px;\">Viel Spa\u00df beim st\u00f6bern w\u00fcnscht Ihnen<\/p>\n<address style=\"padding-left: 60px;\">Ihr Foto-G\u00fcbert Team.<\/address>\n","protected":false},"excerpt":{"rendered":"<p>Pass- und Bewerbungsaufnahmen Kommunion- und Konfirmationsaufnahmen Analogen und digitalen Bilderservice , sofort zum Mitnehmen Bildbearbeitung Scan vom Negativ und Dia \u201cZubeh\u00f6r\u201d rund um das Bild Datenrettung Beratung und Verkauf von Kameras &amp; Zubeh\u00f6r &nbsp; Sie k\u00f6nnen aber auch bequem von zu Hause aus bestellen. Mit unseren Gesch\u00e4ftspartnern i-port.de &amp; Ringfoto stehen Ihnen viele neue Geschenkartikel [&hellip;]<\/p>\n","protected":false},"author":1,"featured_media":0,"parent":0,"menu_order":0,"comment_status":"closed","ping_status":"closed","template":"","meta":{"footnotes":""},"class_list":["post-56","page","type-page","status-publish","hentry"],"blocksy_meta":[],"yoast_head":"<!-- This site is optimized with the Yoast SEO plugin v27.0 - https:\/\/yoast.com\/product\/yoast-seo-wordpress\/ -->\n<title>Leistungen - Foto G\u00fcbert<\/title>\n<meta name=\"robots\" content=\"index, follow, max-snippet:-1, max-image-preview:large, max-video-preview:-1\" \/>\n<link rel=\"canonical\" href=\"https:\/\/foto-guebert.de\/blog\/leistungen\/\" \/>\n<meta property=\"og:locale\" content=\"de_DE\" \/>\n<meta property=\"og:type\" content=\"article\" \/>\n<meta property=\"og:title\" content=\"Leistungen - Foto G\u00fcbert\" \/>\n<meta property=\"og:description\" content=\"Pass- und Bewerbungsaufnahmen Kommunion- und Konfirmationsaufnahmen Analogen und digitalen Bilderservice , sofort zum Mitnehmen Bildbearbeitung Scan vom Negativ und Dia \u201cZubeh\u00f6r\u201d rund um das Bild Datenrettung Beratung und Verkauf von Kameras &amp; Zubeh\u00f6r &nbsp; Sie k\u00f6nnen aber auch bequem von zu Hause aus bestellen. Mit unseren Gesch\u00e4ftspartnern i-port.de &amp; Ringfoto stehen Ihnen viele neue Geschenkartikel [&hellip;]\" \/>\n<meta property=\"og:url\" content=\"https:\/\/foto-guebert.de\/blog\/leistungen\/\" \/>\n<meta property=\"og:site_name\" content=\"Foto G\u00fcbert\" \/>\n<meta property=\"article:modified_time\" content=\"2024-10-17T11:51:14+00:00\" \/>\n<meta property=\"og:image\" content=\"https:\/\/foto-guebert.de\/blog\/wp-content\/uploads\/2017\/04\/ringfotopicture-service.jpg\" \/>\n\t<meta property=\"og:image:width\" content=\"550\" \/>\n\t<meta property=\"og:image:height\" content=\"289\" \/>\n\t<meta property=\"og:image:type\" content=\"image\/jpeg\" \/>\n<meta name=\"twitter:card\" content=\"summary_large_image\" \/>\n<meta name=\"twitter:label1\" content=\"Gesch\u00e4tzte Lesezeit\" \/>\n\t<meta name=\"twitter:data1\" content=\"1\u00a0Minute\" \/>\n<script type=\"application\/ld+json\" class=\"yoast-schema-graph\">{\"@context\":\"https:\/\/schema.org\",\"@graph\":[{\"@type\":\"WebPage\",\"@id\":\"https:\/\/foto-guebert.de\/blog\/leistungen\/\",\"url\":\"https:\/\/foto-guebert.de\/blog\/leistungen\/\",\"name\":\"Leistungen - Foto G\u00fcbert\",\"isPartOf\":{\"@id\":\"https:\/\/foto-guebert.de\/blog\/#website\"},\"primaryImageOfPage\":{\"@id\":\"https:\/\/foto-guebert.de\/blog\/leistungen\/#primaryimage\"},\"image\":{\"@id\":\"https:\/\/foto-guebert.de\/blog\/leistungen\/#primaryimage\"},\"thumbnailUrl\":\"https:\/\/foto-guebert.de\/blog\/wp-content\/uploads\/2017\/04\/ringfotopicture-service-300x158.jpg\",\"datePublished\":\"2017-04-03T12:05:26+00:00\",\"dateModified\":\"2024-10-17T11:51:14+00:00\",\"breadcrumb\":{\"@id\":\"https:\/\/foto-guebert.de\/blog\/leistungen\/#breadcrumb\"},\"inLanguage\":\"de\",\"potentialAction\":[{\"@type\":\"ReadAction\",\"target\":[\"https:\/\/foto-guebert.de\/blog\/leistungen\/\"]}]},{\"@type\":\"ImageObject\",\"inLanguage\":\"de\",\"@id\":\"https:\/\/foto-guebert.de\/blog\/leistungen\/#primaryimage\",\"url\":\"https:\/\/foto-guebert.de\/blog\/wp-content\/uploads\/2017\/04\/ringfotopicture-service.jpg\",\"contentUrl\":\"https:\/\/foto-guebert.de\/blog\/wp-content\/uploads\/2017\/04\/ringfotopicture-service.jpg\",\"width\":550,\"height\":289},{\"@type\":\"BreadcrumbList\",\"@id\":\"https:\/\/foto-guebert.de\/blog\/leistungen\/#breadcrumb\",\"itemListElement\":[{\"@type\":\"ListItem\",\"position\":1,\"name\":\"Startseite\",\"item\":\"https:\/\/foto-guebert.de\/blog\/\"},{\"@type\":\"ListItem\",\"position\":2,\"name\":\"Leistungen\"}]},{\"@type\":\"WebSite\",\"@id\":\"https:\/\/foto-guebert.de\/blog\/#website\",\"url\":\"https:\/\/foto-guebert.de\/blog\/\",\"name\":\"Foto G\u00fcbert\",\"description\":\"R\u00fcsselsheim Tel. 06142 81122  Bitte beachten: Unsere \u00d6ffnungszeiten bitte Telefonisch erfragen!\",\"potentialAction\":[{\"@type\":\"SearchAction\",\"target\":{\"@type\":\"EntryPoint\",\"urlTemplate\":\"https:\/\/foto-guebert.de\/blog\/?s={search_term_string}\"},\"query-input\":{\"@type\":\"PropertyValueSpecification\",\"valueRequired\":true,\"valueName\":\"search_term_string\"}}],\"inLanguage\":\"de\"}]}<\/script>\n<!-- \/ Yoast SEO plugin. -->","yoast_head_json":{"title":"Leistungen - Foto G\u00fcbert","robots":{"index":"index","follow":"follow","max-snippet":"max-snippet:-1","max-image-preview":"max-image-preview:large","max-video-preview":"max-video-preview:-1"},"canonical":"https:\/\/foto-guebert.de\/blog\/leistungen\/","og_locale":"de_DE","og_type":"article","og_title":"Leistungen - Foto G\u00fcbert","og_description":"Pass- und Bewerbungsaufnahmen Kommunion- und Konfirmationsaufnahmen Analogen und digitalen Bilderservice , sofort zum Mitnehmen Bildbearbeitung Scan vom Negativ und Dia \u201cZubeh\u00f6r\u201d rund um das Bild Datenrettung Beratung und Verkauf von Kameras &amp; Zubeh\u00f6r &nbsp; Sie k\u00f6nnen aber auch bequem von zu Hause aus bestellen. Mit unseren Gesch\u00e4ftspartnern i-port.de &amp; Ringfoto stehen Ihnen viele neue Geschenkartikel [&hellip;]","og_url":"https:\/\/foto-guebert.de\/blog\/leistungen\/","og_site_name":"Foto G\u00fcbert","article_modified_time":"2024-10-17T11:51:14+00:00","og_image":[{"width":550,"height":289,"url":"https:\/\/foto-guebert.de\/blog\/wp-content\/uploads\/2017\/04\/ringfotopicture-service.jpg","type":"image\/jpeg"}],"twitter_card":"summary_large_image","twitter_misc":{"Gesch\u00e4tzte Lesezeit":"1\u00a0Minute"},"schema":{"@context":"https:\/\/schema.org","@graph":[{"@type":"WebPage","@id":"https:\/\/foto-guebert.de\/blog\/leistungen\/","url":"https:\/\/foto-guebert.de\/blog\/leistungen\/","name":"Leistungen - Foto G\u00fcbert","isPartOf":{"@id":"https:\/\/foto-guebert.de\/blog\/#website"},"primaryImageOfPage":{"@id":"https:\/\/foto-guebert.de\/blog\/leistungen\/#primaryimage"},"image":{"@id":"https:\/\/foto-guebert.de\/blog\/leistungen\/#primaryimage"},"thumbnailUrl":"https:\/\/foto-guebert.de\/blog\/wp-content\/uploads\/2017\/04\/ringfotopicture-service-300x158.jpg","datePublished":"2017-04-03T12:05:26+00:00","dateModified":"2024-10-17T11:51:14+00:00","breadcrumb":{"@id":"https:\/\/foto-guebert.de\/blog\/leistungen\/#breadcrumb"},"inLanguage":"de","potentialAction":[{"@type":"ReadAction","target":["https:\/\/foto-guebert.de\/blog\/leistungen\/"]}]},{"@type":"ImageObject","inLanguage":"de","@id":"https:\/\/foto-guebert.de\/blog\/leistungen\/#primaryimage","url":"https:\/\/foto-guebert.de\/blog\/wp-content\/uploads\/2017\/04\/ringfotopicture-service.jpg","contentUrl":"https:\/\/foto-guebert.de\/blog\/wp-content\/uploads\/2017\/04\/ringfotopicture-service.jpg","width":550,"height":289},{"@type":"BreadcrumbList","@id":"https:\/\/foto-guebert.de\/blog\/leistungen\/#breadcrumb","itemListElement":[{"@type":"ListItem","position":1,"name":"Startseite","item":"https:\/\/foto-guebert.de\/blog\/"},{"@type":"ListItem","position":2,"name":"Leistungen"}]},{"@type":"WebSite","@id":"https:\/\/foto-guebert.de\/blog\/#website","url":"https:\/\/foto-guebert.de\/blog\/","name":"Foto G\u00fcbert","description":"R\u00fcsselsheim Tel. 06142 81122  Bitte beachten: Unsere \u00d6ffnungszeiten bitte Telefonisch erfragen!","potentialAction":[{"@type":"SearchAction","target":{"@type":"EntryPoint","urlTemplate":"https:\/\/foto-guebert.de\/blog\/?s={search_term_string}"},"query-input":{"@type":"PropertyValueSpecification","valueRequired":true,"valueName":"search_term_string"}}],"inLanguage":"de"}]}},"_links":{"self":[{"href":"https:\/\/foto-guebert.de\/blog\/wp-json\/wp\/v2\/pages\/56","targetHints":{"allow":["GET"]}}],"collection":[{"href":"https:\/\/foto-guebert.de\/blog\/wp-json\/wp\/v2\/pages"}],"about":[{"href":"https:\/\/foto-guebert.de\/blog\/wp-json\/wp\/v2\/types\/page"}],"author":[{"embeddable":true,"href":"https:\/\/foto-guebert.de\/blog\/wp-json\/wp\/v2\/users\/1"}],"replies":[{"embeddable":true,"href":"https:\/\/foto-guebert.de\/blog\/wp-json\/wp\/v2\/comments?post=56"}],"version-history":[{"count":8,"href":"https:\/\/foto-guebert.de\/blog\/wp-json\/wp\/v2\/pages\/56\/revisions"}],"predecessor-version":[{"id":799,"href":"https:\/\/foto-guebert.de\/blog\/wp-json\/wp\/v2\/pages\/56\/revisions\/799"}],"wp:attachment":[{"href":"https:\/\/foto-guebert.de\/blog\/wp-json\/wp\/v2\/media?parent=56"}],"curies":[{"name":"wp","href":"https:\/\/api.w.org\/{rel}","templated":true}]}}